{"id":29,"date":"2023-09-20T19:24:26","date_gmt":"2023-09-20T19:24:26","guid":{"rendered":"https:\/\/desperdiciosindustrialesyair.com\/yair\/?page_id=29"},"modified":"2023-09-22T14:36:36","modified_gmt":"2023-09-22T14:36:36","slug":"contacto","status":"publish","type":"page","link":"https:\/\/desperdiciosindustrialesyair.com\/yair\/index.php\/contacto\/","title":{"rendered":"Contacto"},"content":{"rendered":"\n<div class=\"wp-block-columns is-layout-flex wp-container-core-columns-is-layout-9d6595d7 wp-block-columns-is-layout-flex\">\n<div class=\"wp-block-column is-layout-flow wp-block-column-is-layout-flow\">\n<p><strong>Aguascalientes<\/strong><\/p>\n\n\n\n<p>Jes\u00fas Mar\u00eda Romo 110<br>Cd Industrial, 20290<br>Aguascalientes, Ags<br>Tel\u00e9fono: (449) 9712128<\/p>\n\n\n\n<iframe src=\"https:\/\/www.google.com\/maps\/embed?pb=!1m14!1m12!1m3!1d765.8476993758771!2d-102.28594023153197!3d21.831415277506395!2m3!1f0!2f0!3f0!3m2!1i1024!2i768!4f13.1!5e1!3m2!1ses-419!2smx!4v1695391330485!5m2!1ses-419!2smx\" width=\"300\" height=\"300\" style=\"border:0;\" allowfullscreen=\"\" loading=\"lazy\" referrerpolicy=\"no-referrer-when-downgrade\"><\/iframe>\n<\/div>\n\n\n\n<div class=\"wp-block-column is-layout-flow wp-block-column-is-layout-flow\">\n<p><strong>San Luis Potos\u00ed<\/strong><br><\/p>\n\n\n\n<p>Calle Eje 118, #220-A<br>Zona industrial<br>C.p.\u00a078395<\/p>\n\n\n\n<iframe src=\"https:\/\/www.google.com\/maps\/embed?pb=!1m17!1m12!1m3!1d4213.046243911089!2d-100.9053611!3d22.106888899999998!2m3!1f0!2f0!3f0!3m2!1i1024!2i768!4f13.1!3m2!1m1!2zMjLCsDA2JzI0LjgiTiAxMDDCsDU0JzE5LjMiVw!5e1!3m2!1ses-419!2smx!4v1695392890845!5m2!1ses-419!2smx\" width=\"300\" height=\"300\" style=\"border:0;\" allowfullscreen=\"\" loading=\"lazy\" referrerpolicy=\"no-referrer-when-downgrade\"><\/iframe>\n<\/div>\n<\/div>\n\n\n\n<div class=\"wp-block-columns is-layout-flex wp-container-core-columns-is-layout-9d6595d7 wp-block-columns-is-layout-flex\">\n<div class=\"wp-block-column is-layout-flow wp-block-column-is-layout-flow\">\n<p><strong>Salamanca (Guanajuato)<\/strong><\/p>\n\n\n\n<p>Carretera Federal Irapuato &#8211; Salamanca km103+880<br>Col Ejido Loma Pelada<br>Salamanca, Gto<br>C.P. 36825<\/p>\n\n\n\n<iframe src=\"https:\/\/www.google.com\/maps\/embed?pb=!1m17!1m12!1m3!1d4254.773730505098!2d-101.26963889999999!3d20.626749999999998!2m3!1f0!2f0!3f0!3m2!1i1024!2i768!4f13.1!3m2!1m1!2zMjDCsDM3JzM2LjMiTiAxMDHCsDE2JzEwLjciVw!5e1!3m2!1ses-419!2smx!4v1695393234886!5m2!1ses-419!2smx\" width=\"300\" height=\"300\" style=\"border:0;\" allowfullscreen=\"\" loading=\"lazy\" referrerpolicy=\"no-referrer-when-downgrade\"><\/iframe>\n<\/div>\n\n\n\n<div class=\"wp-block-column is-layout-flow wp-block-column-is-layout-flow\"><\/div>\n<\/div>\n","protected":false},"excerpt":{"rendered":"<p>Aguascalientes Jes\u00fas Mar\u00eda Romo 110Cd Industrial, 20290Aguascalientes, AgsTel\u00e9fono: (449) 9712128 San Luis Potos\u00ed Calle Eje 118, #220-AZona industrialC.p.\u00a078395 Salamanca (Guanajuato) Carretera Federal Irapuato &#8211; Salamanca km103+880Col Ejido Loma PeladaSalamanca, GtoC.P. 36825<\/p>\n","protected":false},"author":1,"featured_media":0,"parent":0,"menu_order":0,"comment_status":"closed","ping_status":"closed","template":"","meta":{"footnotes":""},"class_list":["post-29","page","type-page","status-publish","hentry"],"yoast_head":"<!-- This site is optimized with the Yoast SEO plugin v22.9 - https:\/\/yoast.com\/wordpress\/plugins\/seo\/ -->\n<title>Contacto - Desperdicios Industriales Yair<\/title>\n<meta name=\"robots\" content=\"index, follow, max-snippet:-1, max-image-preview:large, max-video-preview:-1\" \/>\n<link rel=\"canonical\" href=\"https:\/\/desperdiciosindustrialesyair.com\/yair\/index.php\/contacto\/\" \/>\n<meta property=\"og:locale\" content=\"es_MX\" \/>\n<meta property=\"og:type\" content=\"article\" \/>\n<meta property=\"og:title\" content=\"Contacto - Desperdicios Industriales Yair\" \/>\n<meta property=\"og:description\" content=\"Aguascalientes Jes\u00fas Mar\u00eda Romo 110Cd Industrial, 20290Aguascalientes, AgsTel\u00e9fono: (449) 9712128 San Luis Potos\u00ed Calle Eje 118, #220-AZona industrialC.p.\u00a078395 Salamanca (Guanajuato) Carretera Federal Irapuato &#8211; Salamanca km103+880Col Ejido Loma PeladaSalamanca, GtoC.P. 36825\" \/>\n<meta property=\"og:url\" content=\"https:\/\/desperdiciosindustrialesyair.com\/yair\/index.php\/contacto\/\" \/>\n<meta property=\"og:site_name\" content=\"Desperdicios Industriales Yair\" \/>\n<meta property=\"article:modified_time\" content=\"2023-09-22T14:36:36+00:00\" \/>\n<meta name=\"twitter:card\" content=\"summary_large_image\" \/>\n<meta name=\"twitter:label1\" content=\"Tiempo de lectura\" \/>\n\t<meta name=\"twitter:data1\" content=\"1 minuto\" \/>\n<script type=\"application\/ld+json\" class=\"yoast-schema-graph\">{\"@context\":\"https:\/\/schema.org\",\"@graph\":[{\"@type\":\"WebPage\",\"@id\":\"https:\/\/desperdiciosindustrialesyair.com\/yair\/index.php\/contacto\/\",\"url\":\"https:\/\/desperdiciosindustrialesyair.com\/yair\/index.php\/contacto\/\",\"name\":\"Contacto - Desperdicios Industriales Yair\",\"isPartOf\":{\"@id\":\"https:\/\/desperdiciosindustrialesyair.com\/yair\/#website\"},\"datePublished\":\"2023-09-20T19:24:26+00:00\",\"dateModified\":\"2023-09-22T14:36:36+00:00\",\"breadcrumb\":{\"@id\":\"https:\/\/desperdiciosindustrialesyair.com\/yair\/index.php\/contacto\/#breadcrumb\"},\"inLanguage\":\"es\",\"potentialAction\":[{\"@type\":\"ReadAction\",\"target\":[\"https:\/\/desperdiciosindustrialesyair.com\/yair\/index.php\/contacto\/\"]}]},{\"@type\":\"BreadcrumbList\",\"@id\":\"https:\/\/desperdiciosindustrialesyair.com\/yair\/index.php\/contacto\/#breadcrumb\",\"itemListElement\":[{\"@type\":\"ListItem\",\"position\":1,\"name\":\"Inicio\",\"item\":\"https:\/\/desperdiciosindustrialesyair.com\/yair\/\"},{\"@type\":\"ListItem\",\"position\":2,\"name\":\"Contacto\"}]},{\"@type\":\"WebSite\",\"@id\":\"https:\/\/desperdiciosindustrialesyair.com\/yair\/#website\",\"url\":\"https:\/\/desperdiciosindustrialesyair.com\/yair\/\",\"name\":\"Desperdicios Industriales Yair\",\"description\":\"Contamos con servicio de recolecci\u00f3n integral para la industria\",\"publisher\":{\"@id\":\"https:\/\/desperdiciosindustrialesyair.com\/yair\/#organization\"},\"potentialAction\":[{\"@type\":\"SearchAction\",\"target\":{\"@type\":\"EntryPoint\",\"urlTemplate\":\"https:\/\/desperdiciosindustrialesyair.com\/yair\/?s={search_term_string}\"},\"query-input\":\"required name=search_term_string\"}],\"inLanguage\":\"es\"},{\"@type\":\"Organization\",\"@id\":\"https:\/\/desperdiciosindustrialesyair.com\/yair\/#organization\",\"name\":\"Desperdicios Industriales Yair\",\"url\":\"https:\/\/desperdiciosindustrialesyair.com\/yair\/\",\"logo\":{\"@type\":\"ImageObject\",\"inLanguage\":\"es\",\"@id\":\"https:\/\/desperdiciosindustrialesyair.com\/yair\/#\/schema\/logo\/image\/\",\"url\":\"https:\/\/desperdiciosindustrialesyair.com\/yair\/wp-content\/uploads\/2023\/09\/cropped-loguito-1-1.png\",\"contentUrl\":\"https:\/\/desperdiciosindustrialesyair.com\/yair\/wp-content\/uploads\/2023\/09\/cropped-loguito-1-1.png\",\"width\":369,\"height\":192,\"caption\":\"Desperdicios Industriales Yair\"},\"image\":{\"@id\":\"https:\/\/desperdiciosindustrialesyair.com\/yair\/#\/schema\/logo\/image\/\"}}]}<\/script>\n<!-- \/ Yoast SEO plugin. -->","yoast_head_json":{"title":"Contacto - Desperdicios Industriales Yair","robots":{"index":"index","follow":"follow","max-snippet":"max-snippet:-1","max-image-preview":"max-image-preview:large","max-video-preview":"max-video-preview:-1"},"canonical":"https:\/\/desperdiciosindustrialesyair.com\/yair\/index.php\/contacto\/","og_locale":"es_MX","og_type":"article","og_title":"Contacto - Desperdicios Industriales Yair","og_description":"Aguascalientes Jes\u00fas Mar\u00eda Romo 110Cd Industrial, 20290Aguascalientes, AgsTel\u00e9fono: (449) 9712128 San Luis Potos\u00ed Calle Eje 118, #220-AZona industrialC.p.\u00a078395 Salamanca (Guanajuato) Carretera Federal Irapuato &#8211; Salamanca km103+880Col Ejido Loma PeladaSalamanca, GtoC.P. 36825","og_url":"https:\/\/desperdiciosindustrialesyair.com\/yair\/index.php\/contacto\/","og_site_name":"Desperdicios Industriales Yair","article_modified_time":"2023-09-22T14:36:36+00:00","twitter_card":"summary_large_image","twitter_misc":{"Tiempo de lectura":"1 minuto"},"schema":{"@context":"https:\/\/schema.org","@graph":[{"@type":"WebPage","@id":"https:\/\/desperdiciosindustrialesyair.com\/yair\/index.php\/contacto\/","url":"https:\/\/desperdiciosindustrialesyair.com\/yair\/index.php\/contacto\/","name":"Contacto - Desperdicios Industriales Yair","isPartOf":{"@id":"https:\/\/desperdiciosindustrialesyair.com\/yair\/#website"},"datePublished":"2023-09-20T19:24:26+00:00","dateModified":"2023-09-22T14:36:36+00:00","breadcrumb":{"@id":"https:\/\/desperdiciosindustrialesyair.com\/yair\/index.php\/contacto\/#breadcrumb"},"inLanguage":"es","potentialAction":[{"@type":"ReadAction","target":["https:\/\/desperdiciosindustrialesyair.com\/yair\/index.php\/contacto\/"]}]},{"@type":"BreadcrumbList","@id":"https:\/\/desperdiciosindustrialesyair.com\/yair\/index.php\/contacto\/#breadcrumb","itemListElement":[{"@type":"ListItem","position":1,"name":"Inicio","item":"https:\/\/desperdiciosindustrialesyair.com\/yair\/"},{"@type":"ListItem","position":2,"name":"Contacto"}]},{"@type":"WebSite","@id":"https:\/\/desperdiciosindustrialesyair.com\/yair\/#website","url":"https:\/\/desperdiciosindustrialesyair.com\/yair\/","name":"Desperdicios Industriales Yair","description":"Contamos con servicio de recolecci\u00f3n integral para la industria","publisher":{"@id":"https:\/\/desperdiciosindustrialesyair.com\/yair\/#organization"},"potentialAction":[{"@type":"SearchAction","target":{"@type":"EntryPoint","urlTemplate":"https:\/\/desperdiciosindustrialesyair.com\/yair\/?s={search_term_string}"},"query-input":"required name=search_term_string"}],"inLanguage":"es"},{"@type":"Organization","@id":"https:\/\/desperdiciosindustrialesyair.com\/yair\/#organization","name":"Desperdicios Industriales Yair","url":"https:\/\/desperdiciosindustrialesyair.com\/yair\/","logo":{"@type":"ImageObject","inLanguage":"es","@id":"https:\/\/desperdiciosindustrialesyair.com\/yair\/#\/schema\/logo\/image\/","url":"https:\/\/desperdiciosindustrialesyair.com\/yair\/wp-content\/uploads\/2023\/09\/cropped-loguito-1-1.png","contentUrl":"https:\/\/desperdiciosindustrialesyair.com\/yair\/wp-content\/uploads\/2023\/09\/cropped-loguito-1-1.png","width":369,"height":192,"caption":"Desperdicios Industriales Yair"},"image":{"@id":"https:\/\/desperdiciosindustrialesyair.com\/yair\/#\/schema\/logo\/image\/"}}]}},"_links":{"self":[{"href":"https:\/\/desperdiciosindustrialesyair.com\/yair\/index.php\/wp-json\/wp\/v2\/pages\/29","targetHints":{"allow":["GET"]}}],"collection":[{"href":"https:\/\/desperdiciosindustrialesyair.com\/yair\/index.php\/wp-json\/wp\/v2\/pages"}],"about":[{"href":"https:\/\/desperdiciosindustrialesyair.com\/yair\/index.php\/wp-json\/wp\/v2\/types\/page"}],"author":[{"embeddable":true,"href":"https:\/\/desperdiciosindustrialesyair.com\/yair\/index.php\/wp-json\/wp\/v2\/users\/1"}],"replies":[{"embeddable":true,"href":"https:\/\/desperdiciosindustrialesyair.com\/yair\/index.php\/wp-json\/wp\/v2\/comments?post=29"}],"version-history":[{"count":4,"href":"https:\/\/desperdiciosindustrialesyair.com\/yair\/index.php\/wp-json\/wp\/v2\/pages\/29\/revisions"}],"predecessor-version":[{"id":79,"href":"https:\/\/desperdiciosindustrialesyair.com\/yair\/index.php\/wp-json\/wp\/v2\/pages\/29\/revisions\/79"}],"wp:attachment":[{"href":"https:\/\/desperdiciosindustrialesyair.com\/yair\/index.php\/wp-json\/wp\/v2\/media?parent=29"}],"curies":[{"name":"wp","href":"https:\/\/api.w.org\/{rel}","templated":true}]}}