{"id":2,"date":"2023-09-20T18:03:30","date_gmt":"2023-09-20T18:03:30","guid":{"rendered":"https:\/\/desperdiciosindustrialesyair.com\/yair\/?page_id=2"},"modified":"2023-09-22T17:19:08","modified_gmt":"2023-09-22T17:19:08","slug":"sample-page","status":"publish","type":"page","link":"https:\/\/desperdiciosindustrialesyair.com\/yair\/","title":{"rendered":"Nosotros"},"content":{"rendered":"\n<p>Somos una empresa comprometida con el reciclaje integral de desperdicios industriales, con mas de 20 a\u00f1os de experiencia en el sector.<\/p>\n\n\n\n<p>En nuestras plantas contamos con la infraestructura para procesar correctamente distintos tipos de materiales reciclables provenientes de la industria, como lo son <strong>Metales Ferrosos, Metales No Ferrosos, Cart\u00f3n y PET.<\/strong><\/p>\n\n\n\n<div class=\"wp-block-columns is-not-stacked-on-mobile is-layout-flex wp-container-core-columns-is-layout-9d6595d7 wp-block-columns-is-layout-flex\">\n<div class=\"wp-block-column is-layout-flow wp-block-column-is-layout-flow\">\n<figure class=\"wp-block-image size-full\"><img loading=\"lazy\" decoding=\"async\" width=\"350\" height=\"500\" src=\"https:\/\/desperdiciosindustrialesyair.com\/yair\/wp-content\/uploads\/2023\/09\/metalesferrosos.jpg\" alt=\"\" class=\"wp-image-38\" srcset=\"https:\/\/desperdiciosindustrialesyair.com\/yair\/wp-content\/uploads\/2023\/09\/metalesferrosos.jpg 350w, https:\/\/desperdiciosindustrialesyair.com\/yair\/wp-content\/uploads\/2023\/09\/metalesferrosos-210x300.jpg 210w\" sizes=\"auto, (max-width: 350px) 100vw, 350px\" \/><\/figure>\n<\/div>\n\n\n\n<div class=\"wp-block-column is-layout-flow wp-block-column-is-layout-flow\">\n<figure class=\"wp-block-image size-full\"><img loading=\"lazy\" decoding=\"async\" width=\"350\" height=\"500\" src=\"https:\/\/desperdiciosindustrialesyair.com\/yair\/wp-content\/uploads\/2023\/09\/metalesnoferrosos.jpg\" alt=\"\" class=\"wp-image-39\" srcset=\"https:\/\/desperdiciosindustrialesyair.com\/yair\/wp-content\/uploads\/2023\/09\/metalesnoferrosos.jpg 350w, https:\/\/desperdiciosindustrialesyair.com\/yair\/wp-content\/uploads\/2023\/09\/metalesnoferrosos-210x300.jpg 210w\" sizes=\"auto, (max-width: 350px) 100vw, 350px\" \/><\/figure>\n<\/div>\n\n\n\n<div class=\"wp-block-column is-layout-flow wp-block-column-is-layout-flow\">\n<figure class=\"wp-block-image size-full\"><img loading=\"lazy\" decoding=\"async\" width=\"350\" height=\"500\" src=\"https:\/\/desperdiciosindustrialesyair.com\/yair\/wp-content\/uploads\/2023\/09\/carton-1.jpg\" alt=\"\" class=\"wp-image-71\" srcset=\"https:\/\/desperdiciosindustrialesyair.com\/yair\/wp-content\/uploads\/2023\/09\/carton-1.jpg 350w, https:\/\/desperdiciosindustrialesyair.com\/yair\/wp-content\/uploads\/2023\/09\/carton-1-210x300.jpg 210w\" sizes=\"auto, (max-width: 350px) 100vw, 350px\" \/><\/figure>\n<\/div>\n\n\n\n<div class=\"wp-block-column is-layout-flow wp-block-column-is-layout-flow\">\n<figure class=\"wp-block-image size-full\"><img loading=\"lazy\" decoding=\"async\" width=\"350\" height=\"500\" src=\"https:\/\/desperdiciosindustrialesyair.com\/yair\/wp-content\/uploads\/2023\/09\/pet.jpg\" alt=\"\" class=\"wp-image-41\" srcset=\"https:\/\/desperdiciosindustrialesyair.com\/yair\/wp-content\/uploads\/2023\/09\/pet.jpg 350w, https:\/\/desperdiciosindustrialesyair.com\/yair\/wp-content\/uploads\/2023\/09\/pet-210x300.jpg 210w\" sizes=\"auto, (max-width: 350px) 100vw, 350px\" \/><\/figure>\n<\/div>\n\n\n\n<div class=\"wp-block-column is-layout-flow wp-block-column-is-layout-flow\">\n<figure class=\"wp-block-image size-full\"><img loading=\"lazy\" decoding=\"async\" width=\"350\" height=\"500\" src=\"https:\/\/desperdiciosindustrialesyair.com\/yair\/wp-content\/uploads\/2023\/09\/materiales.jpg\" alt=\"\" class=\"wp-image-42\" srcset=\"https:\/\/desperdiciosindustrialesyair.com\/yair\/wp-content\/uploads\/2023\/09\/materiales.jpg 350w, https:\/\/desperdiciosindustrialesyair.com\/yair\/wp-content\/uploads\/2023\/09\/materiales-210x300.jpg 210w\" sizes=\"auto, (max-width: 350px) 100vw, 350px\" \/><\/figure>\n<\/div>\n<\/div>\n\n\n\n<h1 class=\"wp-block-heading\">Sucursales<\/h1>\n\n\n\n<p>Contribuimos a un M\u00e9xico mas ecol\u00f3gico con pr\u00e1cticas de reciclaje eficientes y ordenadas, lo cual nos permite trabajar con las empresas mas importantes del sector manufacturero en el Baj\u00edo Mexicano, con plantas en <strong>Aguascalientes, San Luis Potos\u00ed, Quer\u00e9taro y Guanajuato<\/strong>, lo cual nos brinda una disposici\u00f3n estrat\u00e9gica para servirle a nuestros clientes y proveedores.<\/p>\n\n\n\n<div class=\"wp-block-columns are-vertically-aligned-center is-layout-flex wp-container-core-columns-is-layout-9d6595d7 wp-block-columns-is-layout-flex\">\n<div class=\"wp-block-column is-vertically-aligned-center is-layout-flow wp-block-column-is-layout-flow\">\n<figure class=\"wp-block-embed is-type-video is-provider-youtube wp-block-embed-youtube wp-embed-aspect-16-9 wp-has-aspect-ratio\"><div class=\"wp-block-embed__wrapper\">\n<iframe loading=\"lazy\" title=\"Desperdicios Industriales Yair - Planta Aguascalientes\" width=\"960\" height=\"540\" src=\"https:\/\/www.youtube.com\/embed\/mWd93N4jTQU?feature=oembed\" frameborder=\"0\" allow=\"accelerometer; autoplay; clipboard-write; encrypted-media; gyroscope; picture-in-picture; web-share\" allowfullscreen><\/iframe>\n<\/div><figcaption class=\"wp-element-caption\">Aguascalientes<\/figcaption><\/figure>\n<\/div>\n\n\n\n<div class=\"wp-block-column is-vertically-aligned-center is-layout-flow wp-block-column-is-layout-flow\">\n<figure class=\"wp-block-embed is-type-video is-provider-youtube wp-block-embed-youtube wp-embed-aspect-16-9 wp-has-aspect-ratio\"><div class=\"wp-block-embed__wrapper\">\n<iframe loading=\"lazy\" title=\"Desperdicios Industriales Yair - Planta San Luis Potos\u00ed\" width=\"960\" height=\"540\" src=\"https:\/\/www.youtube.com\/embed\/MYMPnZiYgW4?feature=oembed\" frameborder=\"0\" allow=\"accelerometer; autoplay; clipboard-write; encrypted-media; gyroscope; picture-in-picture; web-share\" allowfullscreen><\/iframe>\n<\/div><figcaption class=\"wp-element-caption\">San Luis Potos\u00ed<\/figcaption><\/figure>\n<\/div>\n\n\n\n<div class=\"wp-block-column is-vertically-aligned-center is-layout-flow wp-block-column-is-layout-flow\">\n<figure class=\"wp-block-embed is-type-video is-provider-youtube wp-block-embed-youtube wp-embed-aspect-16-9 wp-has-aspect-ratio\"><div class=\"wp-block-embed__wrapper\">\n<iframe loading=\"lazy\" title=\"Desperdicios Industriales Yair - Planta Salamanca\" width=\"960\" height=\"540\" src=\"https:\/\/www.youtube.com\/embed\/ZoBBVGqnMW8?feature=oembed\" frameborder=\"0\" allow=\"accelerometer; autoplay; clipboard-write; encrypted-media; gyroscope; picture-in-picture; web-share\" allowfullscreen><\/iframe>\n<\/div><figcaption class=\"wp-element-caption\">Salamanca<\/figcaption><\/figure>\n<\/div>\n\n\n\n<div class=\"wp-block-column is-vertically-aligned-center is-layout-flow wp-block-column-is-layout-flow\">\n<figure class=\"wp-block-embed is-type-video is-provider-youtube wp-block-embed-youtube wp-embed-aspect-16-9 wp-has-aspect-ratio\"><div class=\"wp-block-embed__wrapper\">\n<iframe loading=\"lazy\" title=\"Desperdicios Industriales Yair - Planta Ezequiel Montes\" width=\"960\" height=\"540\" src=\"https:\/\/www.youtube.com\/embed\/TGq8y-Jl2i8?feature=oembed\" frameborder=\"0\" allow=\"accelerometer; autoplay; clipboard-write; encrypted-media; gyroscope; picture-in-picture; web-share\" allowfullscreen><\/iframe>\n<\/div><figcaption class=\"wp-element-caption\">Ezequiel Montes<\/figcaption><\/figure>\n<\/div>\n\n\n\n<div class=\"wp-block-column is-vertically-aligned-center is-layout-flow wp-block-column-is-layout-flow\">\n<figure class=\"wp-block-embed is-type-video is-provider-youtube wp-block-embed-youtube wp-embed-aspect-16-9 wp-has-aspect-ratio\"><div class=\"wp-block-embed__wrapper\">\n<iframe loading=\"lazy\" title=\"Desperdicios Industriales Yair - Planta San Luis Potos\u00ed\" width=\"960\" height=\"540\" src=\"https:\/\/www.youtube.com\/embed\/MYMPnZiYgW4?feature=oembed\" frameborder=\"0\" allow=\"accelerometer; autoplay; clipboard-write; encrypted-media; gyroscope; picture-in-picture; web-share\" allowfullscreen><\/iframe>\n<\/div><figcaption class=\"wp-element-caption\">San Ju\u00e1n del R\u00edo<\/figcaption><\/figure>\n<\/div>\n<\/div>\n\n\n<div class=\"wp-block-image\">\n<figure class=\"aligncenter size-full\"><img loading=\"lazy\" decoding=\"async\" width=\"954\" height=\"291\" src=\"https:\/\/desperdiciosindustrialesyair.com\/yair\/wp-content\/uploads\/2023\/09\/serviciorecoleccion.jpg\" alt=\"\" class=\"wp-image-48\" srcset=\"https:\/\/desperdiciosindustrialesyair.com\/yair\/wp-content\/uploads\/2023\/09\/serviciorecoleccion.jpg 954w, https:\/\/desperdiciosindustrialesyair.com\/yair\/wp-content\/uploads\/2023\/09\/serviciorecoleccion-300x92.jpg 300w, https:\/\/desperdiciosindustrialesyair.com\/yair\/wp-content\/uploads\/2023\/09\/serviciorecoleccion-768x234.jpg 768w\" sizes=\"auto, (max-width: 954px) 100vw, 954px\" \/><\/figure>\n<\/div>\n\n\n<hr class=\"wp-block-separator has-alpha-channel-opacity\"\/>\n\n\n\n<div class=\"wp-block-buttons is-content-justification-center is-layout-flex wp-container-core-buttons-is-layout-16018d1d wp-block-buttons-is-layout-flex\">\n<div class=\"wp-block-button\"><a class=\"wp-block-button__link has-text-align-center wp-element-button\" href=\"https:\/\/desperdiciosindustrialesyair.com\/yair\/index.php\/contacto\/\">Cont\u00e1ctanos<\/a><\/div>\n<\/div>\n","protected":false},"excerpt":{"rendered":"<p>Somos una empresa comprometida con el reciclaje integral de desperdicios industriales, con mas de 20 a\u00f1os de experiencia en el sector. En nuestras plantas contamos con la infraestructura para procesar correctamente distintos tipos de materiales reciclables provenientes de la industria, como lo son Metales Ferrosos, Metales No Ferrosos, Cart\u00f3n y PET. Sucursales Contribuimos a un [&hellip;]<\/p>\n","protected":false},"author":1,"featured_media":0,"parent":0,"menu_order":0,"comment_status":"closed","ping_status":"closed","template":"","meta":{"footnotes":""},"class_list":["post-2","page","type-page","status-publish","hentry"],"yoast_head":"<!-- This site is optimized with the Yoast SEO plugin v22.9 - https:\/\/yoast.com\/wordpress\/plugins\/seo\/ -->\n<title>Nosotros - Desperdicios Industriales Yair<\/title>\n<meta name=\"robots\" content=\"index, follow, max-snippet:-1, max-image-preview:large, max-video-preview:-1\" \/>\n<link rel=\"canonical\" href=\"https:\/\/desperdiciosindustrialesyair.com\/yair\/\" \/>\n<meta property=\"og:locale\" content=\"es_MX\" \/>\n<meta property=\"og:type\" content=\"article\" \/>\n<meta property=\"og:title\" content=\"Nosotros - Desperdicios Industriales Yair\" \/>\n<meta property=\"og:description\" content=\"Somos una empresa comprometida con el reciclaje integral de desperdicios industriales, con mas de 20 a\u00f1os de experiencia en el sector. En nuestras plantas contamos con la infraestructura para procesar correctamente distintos tipos de materiales reciclables provenientes de la industria, como lo son Metales Ferrosos, Metales No Ferrosos, Cart\u00f3n y PET. Sucursales Contribuimos a un [&hellip;]\" \/>\n<meta property=\"og:url\" content=\"https:\/\/desperdiciosindustrialesyair.com\/yair\/\" \/>\n<meta property=\"og:site_name\" content=\"Desperdicios Industriales Yair\" \/>\n<meta property=\"article:modified_time\" content=\"2023-09-22T17:19:08+00:00\" \/>\n<meta property=\"og:image\" content=\"https:\/\/desperdiciosindustrialesyair.com\/yair\/wp-content\/uploads\/2023\/09\/metalesferrosos.jpg\" \/>\n<meta name=\"twitter:card\" content=\"summary_large_image\" \/>\n<meta name=\"twitter:label1\" content=\"Tiempo de lectura\" \/>\n\t<meta name=\"twitter:data1\" content=\"2 minutos\" \/>\n<script type=\"application\/ld+json\" class=\"yoast-schema-graph\">{\"@context\":\"https:\/\/schema.org\",\"@graph\":[{\"@type\":\"WebPage\",\"@id\":\"https:\/\/desperdiciosindustrialesyair.com\/yair\/\",\"url\":\"https:\/\/desperdiciosindustrialesyair.com\/yair\/\",\"name\":\"Nosotros - Desperdicios Industriales Yair\",\"isPartOf\":{\"@id\":\"https:\/\/desperdiciosindustrialesyair.com\/yair\/#website\"},\"primaryImageOfPage\":{\"@id\":\"https:\/\/desperdiciosindustrialesyair.com\/yair\/#primaryimage\"},\"image\":{\"@id\":\"https:\/\/desperdiciosindustrialesyair.com\/yair\/#primaryimage\"},\"thumbnailUrl\":\"https:\/\/desperdiciosindustrialesyair.com\/yair\/wp-content\/uploads\/2023\/09\/metalesferrosos.jpg\",\"datePublished\":\"2023-09-20T18:03:30+00:00\",\"dateModified\":\"2023-09-22T17:19:08+00:00\",\"breadcrumb\":{\"@id\":\"https:\/\/desperdiciosindustrialesyair.com\/yair\/#breadcrumb\"},\"inLanguage\":\"es\",\"potentialAction\":[{\"@type\":\"ReadAction\",\"target\":[\"https:\/\/desperdiciosindustrialesyair.com\/yair\/\"]}]},{\"@type\":\"ImageObject\",\"inLanguage\":\"es\",\"@id\":\"https:\/\/desperdiciosindustrialesyair.com\/yair\/#primaryimage\",\"url\":\"https:\/\/desperdiciosindustrialesyair.com\/yair\/wp-content\/uploads\/2023\/09\/metalesferrosos.jpg\",\"contentUrl\":\"https:\/\/desperdiciosindustrialesyair.com\/yair\/wp-content\/uploads\/2023\/09\/metalesferrosos.jpg\",\"width\":350,\"height\":500},{\"@type\":\"BreadcrumbList\",\"@id\":\"https:\/\/desperdiciosindustrialesyair.com\/yair\/#breadcrumb\",\"itemListElement\":[{\"@type\":\"ListItem\",\"position\":1,\"name\":\"Inicio\",\"item\":\"https:\/\/desperdiciosindustrialesyair.com\/yair\/\"},{\"@type\":\"ListItem\",\"position\":2,\"name\":\"Nosotros\"}]},{\"@type\":\"WebSite\",\"@id\":\"https:\/\/desperdiciosindustrialesyair.com\/yair\/#website\",\"url\":\"https:\/\/desperdiciosindustrialesyair.com\/yair\/\",\"name\":\"Desperdicios Industriales Yair\",\"description\":\"Contamos con servicio de recolecci\u00f3n integral para la industria\",\"publisher\":{\"@id\":\"https:\/\/desperdiciosindustrialesyair.com\/yair\/#organization\"},\"potentialAction\":[{\"@type\":\"SearchAction\",\"target\":{\"@type\":\"EntryPoint\",\"urlTemplate\":\"https:\/\/desperdiciosindustrialesyair.com\/yair\/?s={search_term_string}\"},\"query-input\":\"required name=search_term_string\"}],\"inLanguage\":\"es\"},{\"@type\":\"Organization\",\"@id\":\"https:\/\/desperdiciosindustrialesyair.com\/yair\/#organization\",\"name\":\"Desperdicios Industriales Yair\",\"url\":\"https:\/\/desperdiciosindustrialesyair.com\/yair\/\",\"logo\":{\"@type\":\"ImageObject\",\"inLanguage\":\"es\",\"@id\":\"https:\/\/desperdiciosindustrialesyair.com\/yair\/#\/schema\/logo\/image\/\",\"url\":\"https:\/\/desperdiciosindustrialesyair.com\/yair\/wp-content\/uploads\/2023\/09\/cropped-loguito-1-1.png\",\"contentUrl\":\"https:\/\/desperdiciosindustrialesyair.com\/yair\/wp-content\/uploads\/2023\/09\/cropped-loguito-1-1.png\",\"width\":369,\"height\":192,\"caption\":\"Desperdicios Industriales Yair\"},\"image\":{\"@id\":\"https:\/\/desperdiciosindustrialesyair.com\/yair\/#\/schema\/logo\/image\/\"}}]}<\/script>\n<!-- \/ Yoast SEO plugin. -->","yoast_head_json":{"title":"Nosotros - Desperdicios Industriales Yair","robots":{"index":"index","follow":"follow","max-snippet":"max-snippet:-1","max-image-preview":"max-image-preview:large","max-video-preview":"max-video-preview:-1"},"canonical":"https:\/\/desperdiciosindustrialesyair.com\/yair\/","og_locale":"es_MX","og_type":"article","og_title":"Nosotros - Desperdicios Industriales Yair","og_description":"Somos una empresa comprometida con el reciclaje integral de desperdicios industriales, con mas de 20 a\u00f1os de experiencia en el sector. En nuestras plantas contamos con la infraestructura para procesar correctamente distintos tipos de materiales reciclables provenientes de la industria, como lo son Metales Ferrosos, Metales No Ferrosos, Cart\u00f3n y PET. Sucursales Contribuimos a un [&hellip;]","og_url":"https:\/\/desperdiciosindustrialesyair.com\/yair\/","og_site_name":"Desperdicios Industriales Yair","article_modified_time":"2023-09-22T17:19:08+00:00","og_image":[{"url":"https:\/\/desperdiciosindustrialesyair.com\/yair\/wp-content\/uploads\/2023\/09\/metalesferrosos.jpg"}],"twitter_card":"summary_large_image","twitter_misc":{"Tiempo de lectura":"2 minutos"},"schema":{"@context":"https:\/\/schema.org","@graph":[{"@type":"WebPage","@id":"https:\/\/desperdiciosindustrialesyair.com\/yair\/","url":"https:\/\/desperdiciosindustrialesyair.com\/yair\/","name":"Nosotros - Desperdicios Industriales Yair","isPartOf":{"@id":"https:\/\/desperdiciosindustrialesyair.com\/yair\/#website"},"primaryImageOfPage":{"@id":"https:\/\/desperdiciosindustrialesyair.com\/yair\/#primaryimage"},"image":{"@id":"https:\/\/desperdiciosindustrialesyair.com\/yair\/#primaryimage"},"thumbnailUrl":"https:\/\/desperdiciosindustrialesyair.com\/yair\/wp-content\/uploads\/2023\/09\/metalesferrosos.jpg","datePublished":"2023-09-20T18:03:30+00:00","dateModified":"2023-09-22T17:19:08+00:00","breadcrumb":{"@id":"https:\/\/desperdiciosindustrialesyair.com\/yair\/#breadcrumb"},"inLanguage":"es","potentialAction":[{"@type":"ReadAction","target":["https:\/\/desperdiciosindustrialesyair.com\/yair\/"]}]},{"@type":"ImageObject","inLanguage":"es","@id":"https:\/\/desperdiciosindustrialesyair.com\/yair\/#primaryimage","url":"https:\/\/desperdiciosindustrialesyair.com\/yair\/wp-content\/uploads\/2023\/09\/metalesferrosos.jpg","contentUrl":"https:\/\/desperdiciosindustrialesyair.com\/yair\/wp-content\/uploads\/2023\/09\/metalesferrosos.jpg","width":350,"height":500},{"@type":"BreadcrumbList","@id":"https:\/\/desperdiciosindustrialesyair.com\/yair\/#breadcrumb","itemListElement":[{"@type":"ListItem","position":1,"name":"Inicio","item":"https:\/\/desperdiciosindustrialesyair.com\/yair\/"},{"@type":"ListItem","position":2,"name":"Nosotros"}]},{"@type":"WebSite","@id":"https:\/\/desperdiciosindustrialesyair.com\/yair\/#website","url":"https:\/\/desperdiciosindustrialesyair.com\/yair\/","name":"Desperdicios Industriales Yair","description":"Contamos con servicio de recolecci\u00f3n integral para la industria","publisher":{"@id":"https:\/\/desperdiciosindustrialesyair.com\/yair\/#organization"},"potentialAction":[{"@type":"SearchAction","target":{"@type":"EntryPoint","urlTemplate":"https:\/\/desperdiciosindustrialesyair.com\/yair\/?s={search_term_string}"},"query-input":"required name=search_term_string"}],"inLanguage":"es"},{"@type":"Organization","@id":"https:\/\/desperdiciosindustrialesyair.com\/yair\/#organization","name":"Desperdicios Industriales Yair","url":"https:\/\/desperdiciosindustrialesyair.com\/yair\/","logo":{"@type":"ImageObject","inLanguage":"es","@id":"https:\/\/desperdiciosindustrialesyair.com\/yair\/#\/schema\/logo\/image\/","url":"https:\/\/desperdiciosindustrialesyair.com\/yair\/wp-content\/uploads\/2023\/09\/cropped-loguito-1-1.png","contentUrl":"https:\/\/desperdiciosindustrialesyair.com\/yair\/wp-content\/uploads\/2023\/09\/cropped-loguito-1-1.png","width":369,"height":192,"caption":"Desperdicios Industriales Yair"},"image":{"@id":"https:\/\/desperdiciosindustrialesyair.com\/yair\/#\/schema\/logo\/image\/"}}]}},"_links":{"self":[{"href":"https:\/\/desperdiciosindustrialesyair.com\/yair\/index.php\/wp-json\/wp\/v2\/pages\/2","targetHints":{"allow":["GET"]}}],"collection":[{"href":"https:\/\/desperdiciosindustrialesyair.com\/yair\/index.php\/wp-json\/wp\/v2\/pages"}],"about":[{"href":"https:\/\/desperdiciosindustrialesyair.com\/yair\/index.php\/wp-json\/wp\/v2\/types\/page"}],"author":[{"embeddable":true,"href":"https:\/\/desperdiciosindustrialesyair.com\/yair\/index.php\/wp-json\/wp\/v2\/users\/1"}],"replies":[{"embeddable":true,"href":"https:\/\/desperdiciosindustrialesyair.com\/yair\/index.php\/wp-json\/wp\/v2\/comments?post=2"}],"version-history":[{"count":19,"href":"https:\/\/desperdiciosindustrialesyair.com\/yair\/index.php\/wp-json\/wp\/v2\/pages\/2\/revisions"}],"predecessor-version":[{"id":82,"href":"https:\/\/desperdiciosindustrialesyair.com\/yair\/index.php\/wp-json\/wp\/v2\/pages\/2\/revisions\/82"}],"wp:attachment":[{"href":"https:\/\/desperdiciosindustrialesyair.com\/yair\/index.php\/wp-json\/wp\/v2\/media?parent=2"}],"curies":[{"name":"wp","href":"https:\/\/api.w.org\/{rel}","templated":true}]}}